{"id":10,"date":"2023-11-26T18:04:23","date_gmt":"2023-11-26T17:04:23","guid":{"rendered":"https:\/\/clavens.com\/?page_id=10"},"modified":"2024-06-14T16:52:54","modified_gmt":"2024-06-14T14:52:54","slug":"prestations","status":"publish","type":"page","link":"https:\/\/clavens.com\/index.php\/prestations\/","title":{"rendered":"Th\u00e9matiques"},"content":{"rendered":"\n<details class=\"wp-block-details is-layout-flow wp-block-details-is-layout-flow\"><summary>Management<\/summary>\n<p class=\"has-text-align-center\">Accompagnement d&rsquo;un nouvel embauch\u00e9, <\/p>\n\n\n\n<p class=\"has-text-align-center\">prise de parole, leadership, assertivit\u00e9&#8230;<\/p>\n<\/details>\n\n\n\n<details class=\"wp-block-details is-layout-flow wp-block-details-is-layout-flow\"><summary>Organisation<\/summary>\n<p class=\"has-text-align-center\">Gestion de son planning, organisation du travail, <\/p>\n\n\n\n<p class=\"has-text-align-center\">gestion des priorit\u00e9s&#8230;<\/p>\n<\/details>\n\n\n\n<details class=\"wp-block-details is-layout-flow wp-block-details-is-layout-flow\"><summary>Gestion de projets<\/summary>\n<p class=\"has-text-align-center\">Elaboration du projet, suivi des r\u00e9alisations et des \u00e9ch\u00e9ances,<\/p>\n\n\n\n<p class=\"has-text-align-center\"> accompagnement du changement&#8230;<\/p>\n\n\n\n<details class=\"wp-block-details is-layout-flow wp-block-details-is-layout-flow\"><summary>Communication<\/summary>\n<p class=\"has-text-align-center\">Communication efficace, Communication Non Violente, empathie, \u00e9coute active&#8230;<\/p>\n\n\n\n<details class=\"wp-block-details is-layout-flow wp-block-details-is-layout-flow\"><summary>Accueil des \u00e9motions<\/summary>\n<p>Compr\u00e9hension des \u00e9motions, gestion des \u00e9motions et des conflits&#8230;<\/p>\n\n\n\n<details class=\"wp-block-details is-layout-flow wp-block-details-is-layout-flow\"><summary>Gestion du stress<\/summary>\n<p>Analyse des facteurs de stress, outils de r\u00e9gulation<\/p>\n<\/details>\n<\/details>\n<\/details>\n<\/details>\n\n\n\n<details class=\"wp-block-details is-layout-flow wp-block-details-is-layout-flow\"><summary>Communication<\/summary>\n<p>Communication Non Violente, prise de parole en public&#8230;<\/p>\n\n\n\n<p><\/p>\n<\/details>\n\n\n\n<details class=\"wp-block-details is-layout-flow wp-block-details-is-layout-flow\"><summary>Accueil des \u00e9motions<\/summary>\n<p class=\"has-text-align-center\">Compr\u00e9hension des \u00e9motions, gestion des situations <\/p>\n\n\n\n<p class=\"has-text-align-center\">de conflit&#8230;<\/p>\n<\/details>\n\n\n\n<details class=\"wp-block-details is-layout-flow wp-block-details-is-layout-flow\"><summary>Gestion du stress<\/summary>\n<p class=\"has-text-align-center\">Analyse des facteurs de stress, outils de r\u00e9gulation&#8230;<\/p>\n\n\n\n<p><\/p>\n<\/details>\n\n\n\n<p><\/p>\n\n\n\n<p class=\"has-text-align-center\"><a href=\"https:\/\/clavens.com\/index.php\/mentions-legales\/\" data-type=\"link\" data-id=\"https:\/\/clavens.com\/index.php\/mentions-legales\/\">Mentions l\u00e9gales et CGU<\/a><\/p>\n","protected":false},"excerpt":{"rendered":"<p>Mentions l\u00e9gales et CGU<\/p>\n","protected":false},"author":1,"featured_media":0,"parent":0,"menu_order":0,"comment_status":"closed","ping_status":"closed","template":"","meta":{"footnotes":""},"class_list":["post-10","page","type-page","status-publish","hentry"],"_links":{"self":[{"href":"https:\/\/clavens.com\/index.php\/wp-json\/wp\/v2\/pages\/10","targetHints":{"allow":["GET"]}}],"collection":[{"href":"https:\/\/clavens.com\/index.php\/wp-json\/wp\/v2\/pages"}],"about":[{"href":"https:\/\/clavens.com\/index.php\/wp-json\/wp\/v2\/types\/page"}],"author":[{"embeddable":true,"href":"https:\/\/clavens.com\/index.php\/wp-json\/wp\/v2\/users\/1"}],"replies":[{"embeddable":true,"href":"https:\/\/clavens.com\/index.php\/wp-json\/wp\/v2\/comments?post=10"}],"version-history":[{"count":13,"href":"https:\/\/clavens.com\/index.php\/wp-json\/wp\/v2\/pages\/10\/revisions"}],"predecessor-version":[{"id":78,"href":"https:\/\/clavens.com\/index.php\/wp-json\/wp\/v2\/pages\/10\/revisions\/78"}],"wp:attachment":[{"href":"https:\/\/clavens.com\/index.php\/wp-json\/wp\/v2\/media?parent=10"}],"curies":[{"name":"wp","href":"https:\/\/api.w.org\/{rel}","templated":true}]}}